{"id":3633,"date":"2020-07-12T20:05:37","date_gmt":"2020-07-12T13:05:37","guid":{"rendered":"https:\/\/www.flohclub.com\/de\/?page_id=3633"},"modified":"2020-07-12T20:05:49","modified_gmt":"2020-07-12T13:05:49","slug":"stiche","status":"publish","type":"page","link":"https:\/\/www.flohclub.com\/de\/bettwanzen\/stiche\/","title":{"rendered":"Was tun Bettwanzen stiche Sehen aus wie? Wie man die Symptome erkennt"},"content":{"rendered":"<p><strong>Bettwanzen stiche<\/strong> &#8211; Mit einem frischen Satz juckender Insektenstiche aufzuwachen, kann seine eigenen Sorgen mit sich bringen. Was genau hat Sie mitten in der Nacht gebissen? War es eine Spinne? Eine M\u00fccke? Oder &#8211; im schlimmsten Fall &#8211; k\u00f6nnten es <a href=\"https:\/\/www.flohclub.com\/de\/bettwanzen\/\">Bettwanzen<\/a> gewesen sein?<\/p>\n<p>Bettwanzen stiche sind vielleicht nicht das Erste, woran wir denken, wenn wir mit einem Stich aufwachen, aber die Viecher erhalten ihre Nahrungsquelle aus unserem Blut &#8211; und hinterlassen eine kleine rote Beule in ihrem Kielwasser, wenn sie sich satt gegessen haben.<\/p>\n<p>Aber die Schwierigkeit, einen Bettwanzen stiche zu identifizieren &#8211; wie es bei vielen Insekten, einschlie\u00dflich M\u00fccken, der Fall ist &#8211; besteht darin, dass es schwierig sein kann, die Quelle des Stiches zu identifizieren, da jeder Mensch unterschiedlich auf Stiche reagiert, je nachdem, wie die Immunreaktion seines K\u00f6rpers aussieht.<\/p>\n<p>Dasselbe gilt f\u00fcr einen M\u00fcckenstich. Manche Menschen werden anschwellen und es wird jucken. Dieselbe Stechm\u00fccke k\u00f6nnte jemand anderen stechen, und es ist kaum wahrnehmbar.<\/p>\n<p>Tats\u00e4chlich kann es sein, dass manche Menschen \u00fcberhaupt keine Reaktion zeigen, wenn sie von einer Bettwanze gestochen werden, was allein darauf beruht, wie ihr Immunsystem mit dem Stich umgeht. Deshalb kann es schwierig sein, allein anhand des Stiches festzustellen, ob der Stich von einer Bettwanze herr\u00fchrt.<\/p>\n<p>Aber es gibt ein paar Dinge, die Sie darauf hinweisen k\u00f6nnen, dass Bettwanzen die Schuld an Ihrem Stich tragen. Hier ist, was Sie wissen sollten, einschliesslich Bilder von Bettwanzen stiche, die Ihnen helfen, die Symptome sichtbar zu machen.<br \/>\n<\/p>\n<hr \/>\n<h2><strong>Wie sieht der Bettwanzen stiche aus?<\/strong><\/h2>\n<figure id=\"attachment_3635\" aria-describedby=\"caption-attachment-3635\" style=\"width: 790px\" class=\"wp-caption aligncenter\"><img loading=\"lazy\" decoding=\"async\" class=\"size-full wp-image-3635\" src=\"https:\/\/www.flohclub.com\/de\/wp-content\/uploads\/2020\/07\/Wie-sieht-der-Bettwanzen-stiche-aus.jpg\" alt=\"Wie sieht der Bettwanzen stiche aus\" width=\"800\" height=\"503\" srcset=\"https:\/\/www.flohclub.com\/de\/wp-content\/uploads\/2020\/07\/Wie-sieht-der-Bettwanzen-stiche-aus.jpg 800w, https:\/\/www.flohclub.com\/de\/wp-content\/uploads\/2020\/07\/Wie-sieht-der-Bettwanzen-stiche-aus-300x189.jpg 300w, https:\/\/www.flohclub.com\/de\/wp-content\/uploads\/2020\/07\/Wie-sieht-der-Bettwanzen-stiche-aus-768x483.jpg 768w\" sizes=\"auto, (max-width: 800px) 100vw, 800px\" \/><figcaption id=\"caption-attachment-3635\" class=\"wp-caption-text\">photo:latimes.com<\/figcaption><\/figure>\n<p>Das wichtigste Symptom f\u00fcr einen Bettwanzen stiche ist eine rote, erhabene Beule, die \u00e4hnlich aussieht wie der Stich einer Spinne oder einer M\u00fccke. Aber was Bettwanzen von anderen Insekten unterscheidet, ist, dass ihr Stich oft in einer Linie auf einem K\u00f6rperteil oder einer K\u00f6rperseite zu sehen ist. Dies ist das Ergebnis dessen, was man &#8220;Sondieren&#8221; nennt.<\/p>\n<p>Sie sondieren die Haut an mehreren verschiedenen Stellen, wahrscheinlich um den besten Zugang zur Blutabnahme zu finden. Wenn Sie an Ihren Fenstern Schutzgitter haben, die andere Insekten, die stechen k\u00f6nnten, fernhalten, aber trotzdem mit einer Stichlinie von 3 oder 4 Stichen am Arm aufwachen, kann man mit Sicherheit vermuten, dass Bettwanzen daran schuld sein k\u00f6nnten.<\/p>\n<p>Eine andere M\u00f6glichkeit, festzustellen, ob Ihr Stich von Bettwanzen herr\u00fchrt, besteht darin, nach den Insekten selbst zu suchen. Sie verstecken sich nat\u00fcrlich gerne in Ihrer Matratze, vor allem in den Ecken, in der N\u00e4he des Kopfends und in der Schnur, die um die Matratze herum verl\u00e4uft. Sie kampieren auch gerne hinter dem Kopfteil, hinter Bildern an der Wand und in Steckdosen.<\/p>\n<p>Die erwachsenen Bettwanzen haben etwa die Gr\u00f6\u00dfe eines Apfelkerns und sind von oben nach unten sehr flach &#8211; fast so d\u00fcnn wie ein Blatt Papier &#8211; und br\u00e4unlich gef\u00e4rbt, sagt Rajotte. Babybettwanzen sind ebenfalls br\u00e4unlich, aber stecknadelkopfgro\u00df.<\/p>\n<p>Ein weiteres Schl\u00fcsselkennzeichen? Achten Sie auf schwarze Flecken auf Ihrem Bettlaken, Ihrer Matratze und Ihrem Matratzenbezug, bei denen es sich um Kot von Bettwanzen handeln k\u00f6nnte.<\/p>\n<hr \/>\n<h2><strong>Wo genau Bettwanzen stiche?<\/strong><\/h2>\n<figure id=\"attachment_3636\" aria-describedby=\"caption-attachment-3636\" style=\"width: 790px\" class=\"wp-caption aligncenter\"><img loading=\"lazy\" decoding=\"async\" class=\"size-full wp-image-3636\" src=\"https:\/\/www.flohclub.com\/de\/wp-content\/uploads\/2020\/07\/Wo-genau-Bettwanzen-stiche.jpg\" alt=\"Wo genau Bettwanzen stiche\" width=\"800\" height=\"503\" srcset=\"https:\/\/www.flohclub.com\/de\/wp-content\/uploads\/2020\/07\/Wo-genau-Bettwanzen-stiche.jpg 800w, https:\/\/www.flohclub.com\/de\/wp-content\/uploads\/2020\/07\/Wo-genau-Bettwanzen-stiche-300x189.jpg 300w, https:\/\/www.flohclub.com\/de\/wp-content\/uploads\/2020\/07\/Wo-genau-Bettwanzen-stiche-768x483.jpg 768w\" sizes=\"auto, (max-width: 800px) 100vw, 800px\" \/><figcaption id=\"caption-attachment-3636\" class=\"wp-caption-text\">photo:businessinsider.in<\/figcaption><\/figure>\n<p>Bettwanzen stiche am h\u00e4ufigsten an den Armen, am Hals oder am Rumpf des K\u00f6rpers, obwohl sie \u00fcberall dort stechen, wo sie freiliegende Haut finden k\u00f6nnen. Und &#8211; wie der Name schon sagt &#8211; Bettwanzen stiche Sie nachts, wenn Sie fest schlafen.<\/p>\n<p>Wir haben herausgefunden, dass sie am aktivsten sind, wenn die Menschen am tiefsten schlafen, und das ist normalerweise zwischen 2:00 und 4:00 Uhr morgens. Die Leute werden es nicht sehen, sie werden es nicht sp\u00fcren. Das macht ihre \u00dcberlebenschancen viel wahrscheinlicher.<\/p>\n<hr \/>\n<h2><strong>Juckt der Bettwanzen stiche? Tun sie weh?<\/strong><\/h2>\n<figure id=\"attachment_3637\" aria-describedby=\"caption-attachment-3637\" style=\"width: 790px\" class=\"wp-caption aligncenter\"><img loading=\"lazy\" decoding=\"async\" class=\"size-full wp-image-3637\" src=\"https:\/\/www.flohclub.com\/de\/wp-content\/uploads\/2020\/07\/Juckt-der-Bettwanzen-stiche.jpg\" alt=\"Juckt der Bettwanzen stiche\" width=\"800\" height=\"536\" srcset=\"https:\/\/www.flohclub.com\/de\/wp-content\/uploads\/2020\/07\/Juckt-der-Bettwanzen-stiche.jpg 800w, https:\/\/www.flohclub.com\/de\/wp-content\/uploads\/2020\/07\/Juckt-der-Bettwanzen-stiche-300x201.jpg 300w, https:\/\/www.flohclub.com\/de\/wp-content\/uploads\/2020\/07\/Juckt-der-Bettwanzen-stiche-768x515.jpg 768w\" sizes=\"auto, (max-width: 800px) 100vw, 800px\" \/><figcaption id=\"caption-attachment-3637\" class=\"wp-caption-text\">photo:stuff.co.nz<\/figcaption><\/figure>\n<p>Obwohl einige Leute sagen werden, dass ein Bettwanzen stiche etwas wehtut &#8211; wenn auch nicht so stark wie der Stich einer Biene zum Beispiel -, sind die meisten Beschwerden auf den Juckreiz zur\u00fcckzuf\u00fchren, den der Stich verursacht. Und dieser Juckreiz ist auf die Chemikalien zur\u00fcckzuf\u00fchren, die die Bettwanze w\u00e4hrend des Bettwanzen stiche in Ihren K\u00f6rper einf\u00fchrt.<\/p>\n<p>Sie sind zu dem geworden, was ich f\u00fcr den perfekten Parasiten halte, weil ihre Mundwerkzeuge irgendwie interessant sind. Sie injizieren vor dem Bei\u00dfen ein Bet\u00e4ubungsmittel, damit die Menschen es nicht sp\u00fcren.<\/p>\n<p>Und dann injizieren sie einen Gerinnungshemmer, der das Blut leichter flie\u00dfen l\u00e4sst, damit sie das aufsaugen k\u00f6nnen. Dieses System funktioniert zwar gut f\u00fcr die Wanzen, aber diese Chemikalienreste f\u00fchren normalerweise zu einem unangenehmen Juckreiz auf Ihrer Seite.<\/p>\n<hr \/>\n<h2><strong>Wie lange dauert der Stich der Bettwanzen?<\/strong><\/h2>\n<figure id=\"attachment_3638\" aria-describedby=\"caption-attachment-3638\" style=\"width: 790px\" class=\"wp-caption aligncenter\"><img loading=\"lazy\" decoding=\"async\" class=\"size-full wp-image-3638\" src=\"https:\/\/www.flohclub.com\/de\/wp-content\/uploads\/2020\/07\/Wie-lange-dauert-der-Stich-der-Bettwanzen.jpg\" alt=\"Wie lange dauert der Stich der Bettwanzen\" width=\"800\" height=\"536\" srcset=\"https:\/\/www.flohclub.com\/de\/wp-content\/uploads\/2020\/07\/Wie-lange-dauert-der-Stich-der-Bettwanzen.jpg 800w, https:\/\/www.flohclub.com\/de\/wp-content\/uploads\/2020\/07\/Wie-lange-dauert-der-Stich-der-Bettwanzen-300x201.jpg 300w, https:\/\/www.flohclub.com\/de\/wp-content\/uploads\/2020\/07\/Wie-lange-dauert-der-Stich-der-Bettwanzen-768x515.jpg 768w\" sizes=\"auto, (max-width: 800px) 100vw, 800px\" \/><figcaption id=\"caption-attachment-3638\" class=\"wp-caption-text\">photo:insider.com<\/figcaption><\/figure>\n<p>Obwohl die Dauer und Intensit\u00e4t des Bettwanzen stichevon Person zu Person sehr unterschiedlich sein kann, werden Sie normalerweise die Auswirkungen eines Bettwanzen stiche &#8211; wie Juckreiz und rote Beulen &#8211; bis zum Vormittag nach einem Stich aufgrund des Bet\u00e4ubungsmittels, das die Wanze injiziert, nicht sp\u00fcren. Sie sp\u00fcren es also sicherlich nicht, wenn der Stich auftritt, sondern kurz danach, wahrscheinlich innerhalb eines Tages.<\/p>\n<p>Von dort aus bleibt ein Bettwanzen stiche normalerweise mindestens 24 Stunden lang bei Ihnen, obwohl er nach dem ersten Stich drei bis f\u00fcnf Tage dauern kann. Zu diesem Zeitpunkt beginnt der Bettwanzen stiche dann langsam zu verschwinden.<\/p>\n<hr \/>\n<h2><strong>Wie behandelt man den Stiche durch Bettwanze?<\/strong><\/h2>\n<figure id=\"attachment_3639\" aria-describedby=\"caption-attachment-3639\" style=\"width: 790px\" class=\"wp-caption aligncenter\"><img loading=\"lazy\" decoding=\"async\" class=\"size-full wp-image-3639\" src=\"https:\/\/www.flohclub.com\/de\/wp-content\/uploads\/2020\/07\/Wie-behandelt-man-den-Stiche-durch-Bettwanze.jpg\" alt=\"Wie behandelt man den Stiche durch Bettwanze\" width=\"800\" height=\"536\" srcset=\"https:\/\/www.flohclub.com\/de\/wp-content\/uploads\/2020\/07\/Wie-behandelt-man-den-Stiche-durch-Bettwanze.jpg 800w, https:\/\/www.flohclub.com\/de\/wp-content\/uploads\/2020\/07\/Wie-behandelt-man-den-Stiche-durch-Bettwanze-300x201.jpg 300w, https:\/\/www.flohclub.com\/de\/wp-content\/uploads\/2020\/07\/Wie-behandelt-man-den-Stiche-durch-Bettwanze-768x515.jpg 768w\" sizes=\"auto, (max-width: 800px) 100vw, 800px\" \/><figcaption id=\"caption-attachment-3639\" class=\"wp-caption-text\">photo:branchcms.com<\/figcaption><\/figure>\n<p>Wenn Sie einen Bettwanzen <a href=\"https:\/\/www.orkin.com\/other\/bed-bugs\/bedbug-bites\" target=\"_blank\" rel=\"noopener noreferrer\">stiche<\/a> (und den damit einhergehenden Juckreiz) erhalten haben, werden Sie wahrscheinlich den Behandlungsprozess beschleunigen wollen. Aber leider ist der beste Weg, dies zu tun, auch der schwierigste: den Stich nicht zu kratzen, was den Bereich nur noch mehr reizen w\u00fcrde.<\/p>\n<p>Wenn Sie Schwierigkeiten haben, Ihre Finger von dem Stich fernzuhalten, k\u00f6nnen Sie auch versuchen, ein Antihistaminikum zu verwenden, um den Juckreiz zu d\u00e4mpfen.<\/p>\n<p>Und wenn Bettwanzen die Ursache des Bettwanzen stiche sind, sollten Sie sich bewusst sein, dass kein dringender Grund zur Panik besteht. Ja, es kostet Sie vielleicht ein h\u00fcbsches S\u00fcmmchen und es kann schmerzhaft sein, sie loszuwerden, aber Bettwanzen k\u00f6nnen Ihrem K\u00f6rper keinen ernsthaften Schaden zuf\u00fcgen. Sie t\u00f6ten keine Menschen. Ein Parasit h\u00e4tte es schwer zu \u00fcberleben, wenn er seinen Wirt t\u00f6ten w\u00fcrde, und diese t\u00f6ten nicht.<\/p>\n<p>Tats\u00e4chlich \u00fcbertragen sie nicht einmal etwas Gef\u00e4hrliches auf Sie. Es wurde nie gezeigt, dass sie irgendwelche Krankheiten \u00fcbertragen. Im Gegensatz zu Stechm\u00fccken und Zecken und anderen Dingen, die ziemlich schlimme Krankheiten \u00fcbertragen k\u00f6nnen, \u00fcbertragen Bettwanzen keine Krankheiten. Solange sie l\u00e4stig sind und so weiter, werden sie Ihren Kindern nicht schaden oder so etwas. Sie sind einfach l\u00e4stig, und Sie m\u00fcssen sie loswerden.<\/p>\n","protected":false},"excerpt":{"rendered":"<p>Bettwanzen stiche &#8211; Mit einem frischen Satz juckender Insektenstiche aufzuwachen, kann seine eigenen Sorgen mit sich &#8230; <a title=\"Was tun Bettwanzen stiche Sehen aus wie? Wie man die Symptome erkennt\" class=\"read-more\" href=\"https:\/\/www.flohclub.com\/de\/bettwanzen\/stiche\/\">Weiterlesen<\/a><\/p>\n","protected":false},"author":1,"featured_media":3634,"parent":3565,"menu_order":0,"comment_status":"closed","ping_status":"closed","template":"","meta":{"footnotes":""},"categories":[16],"tags":[],"class_list":{"0":"post-3633","1":"page","2":"type-page","3":"status-publish","4":"has-post-thumbnail","6":"category-bettwanzen","7":"resize-featured-image"},"yoast_head":"<!-- This site is optimized with the Yoast SEO plugin v26.3 - https:\/\/yoast.com\/wordpress\/plugins\/seo\/ -->\n<title>\u221a Was tun Bettwanzen stiche Sehen aus wie? Wie man die Symptome erkennt<\/title>\n<meta name=\"description\" content=\"Hier finden Sie Bilder von bettwanzen stiche, die Ihnen helfen, es herauszufinden, sowie Tipps von Entomologen, wie Sie die Symptome erkennen k\u00f6nnen.\" \/>\n<meta name=\"robots\" content=\"index, follow, max-snippet:-1, max-image-preview:large, max-video-preview:-1\" \/>\n<link rel=\"canonical\" href=\"https:\/\/www.flohclub.com\/de\/bettwanzen\/stiche\/\" \/>\n<meta property=\"og:locale\" content=\"de_DE\" \/>\n<meta property=\"og:type\" content=\"article\" \/>\n<meta property=\"og:title\" content=\"\u221a Was tun Bettwanzen stiche Sehen aus wie? Wie man die Symptome erkennt\" \/>\n<meta property=\"og:description\" content=\"Hier finden Sie Bilder von bettwanzen stiche, die Ihnen helfen, es herauszufinden, sowie Tipps von Entomologen, wie Sie die Symptome erkennen k\u00f6nnen.\" \/>\n<meta property=\"og:url\" content=\"https:\/\/www.flohclub.com\/de\/bettwanzen\/stiche\/\" \/>\n<meta property=\"og:site_name\" content=\"FLOHCLUB\" \/>\n<meta property=\"article:modified_time\" content=\"2020-07-12T13:05:49+00:00\" \/>\n<meta property=\"og:image\" content=\"https:\/\/www.flohclub.com\/de\/wp-content\/uploads\/2020\/07\/Bettwanzen-stiche-bilder.jpg\" \/>\n\t<meta property=\"og:image:width\" content=\"800\" \/>\n\t<meta property=\"og:image:height\" content=\"503\" \/>\n\t<meta property=\"og:image:type\" content=\"image\/jpeg\" \/>\n<meta name=\"twitter:card\" content=\"summary_large_image\" \/>\n<meta name=\"twitter:label1\" content=\"Est. reading time\" \/>\n\t<meta name=\"twitter:data1\" content=\"6 minutes\" \/>\n<script type=\"application\/ld+json\" class=\"yoast-schema-graph\">{\"@context\":\"https:\/\/schema.org\",\"@graph\":[{\"@type\":\"WebPage\",\"@id\":\"https:\/\/www.flohclub.com\/de\/bettwanzen\/stiche\/\",\"url\":\"https:\/\/www.flohclub.com\/de\/bettwanzen\/stiche\/\",\"name\":\"\u221a Was tun Bettwanzen stiche Sehen aus wie? Wie man die Symptome erkennt\",\"isPartOf\":{\"@id\":\"https:\/\/www.flohclub.com\/de\/#website\"},\"primaryImageOfPage\":{\"@id\":\"https:\/\/www.flohclub.com\/de\/bettwanzen\/stiche\/#primaryimage\"},\"image\":{\"@id\":\"https:\/\/www.flohclub.com\/de\/bettwanzen\/stiche\/#primaryimage\"},\"thumbnailUrl\":\"https:\/\/www.flohclub.com\/de\/wp-content\/uploads\/2020\/07\/Bettwanzen-stiche-bilder.jpg\",\"datePublished\":\"2020-07-12T13:05:37+00:00\",\"dateModified\":\"2020-07-12T13:05:49+00:00\",\"description\":\"Hier finden Sie Bilder von bettwanzen stiche, die Ihnen helfen, es herauszufinden, sowie Tipps von Entomologen, wie Sie die Symptome erkennen k\u00f6nnen.\",\"breadcrumb\":{\"@id\":\"https:\/\/www.flohclub.com\/de\/bettwanzen\/stiche\/#breadcrumb\"},\"inLanguage\":\"en-US\",\"potentialAction\":[{\"@type\":\"ReadAction\",\"target\":[\"https:\/\/www.flohclub.com\/de\/bettwanzen\/stiche\/\"]}]},{\"@type\":\"ImageObject\",\"inLanguage\":\"en-US\",\"@id\":\"https:\/\/www.flohclub.com\/de\/bettwanzen\/stiche\/#primaryimage\",\"url\":\"https:\/\/www.flohclub.com\/de\/wp-content\/uploads\/2020\/07\/Bettwanzen-stiche-bilder.jpg\",\"contentUrl\":\"https:\/\/www.flohclub.com\/de\/wp-content\/uploads\/2020\/07\/Bettwanzen-stiche-bilder.jpg\",\"width\":800,\"height\":503,\"caption\":\"Bettwanzen stiche\"},{\"@type\":\"BreadcrumbList\",\"@id\":\"https:\/\/www.flohclub.com\/de\/bettwanzen\/stiche\/#breadcrumb\",\"itemListElement\":[{\"@type\":\"ListItem\",\"position\":1,\"name\":\"Home\",\"item\":\"https:\/\/www.flohclub.com\/de\/\"},{\"@type\":\"ListItem\",\"position\":2,\"name\":\"Was sind Bettwanzen und wie Ernsthaft [ Vollst\u00e4ndige \u00dcberpr\u00fcfung ]\",\"item\":\"https:\/\/www.flohclub.com\/de\/bettwanzen\/\"},{\"@type\":\"ListItem\",\"position\":3,\"name\":\"Was tun Bettwanzen stiche Sehen aus wie? Wie man die Symptome erkennt\"}]},{\"@type\":\"WebSite\",\"@id\":\"https:\/\/www.flohclub.com\/de\/#website\",\"url\":\"https:\/\/www.flohclub.com\/de\/\",\"name\":\"FLOHCLUB\",\"description\":\"Schimmel, Bettwanzen und Flohbisse\",\"publisher\":{\"@id\":\"https:\/\/www.flohclub.com\/de\/#\/schema\/person\/a9c2eab20b85184431443816023103fa\"},\"potentialAction\":[{\"@type\":\"SearchAction\",\"target\":{\"@type\":\"EntryPoint\",\"urlTemplate\":\"https:\/\/www.flohclub.com\/de\/?s={search_term_string}\"},\"query-input\":{\"@type\":\"PropertyValueSpecification\",\"valueRequired\":true,\"valueName\":\"search_term_string\"}}],\"inLanguage\":\"en-US\"},{\"@type\":[\"Person\",\"Organization\"],\"@id\":\"https:\/\/www.flohclub.com\/de\/#\/schema\/person\/a9c2eab20b85184431443816023103fa\",\"name\":\"Albertina\",\"image\":{\"@type\":\"ImageObject\",\"inLanguage\":\"en-US\",\"@id\":\"https:\/\/www.flohclub.com\/de\/#\/schema\/person\/image\/\",\"url\":\"https:\/\/secure.gravatar.com\/avatar\/d7d53c770801b7f8d9d4d510a49a7a7e711635323eb85b16e165a1ef032900e0?s=96&d=mm&r=g\",\"contentUrl\":\"https:\/\/secure.gravatar.com\/avatar\/d7d53c770801b7f8d9d4d510a49a7a7e711635323eb85b16e165a1ef032900e0?s=96&d=mm&r=g\",\"caption\":\"Albertina\"},\"logo\":{\"@id\":\"https:\/\/www.flohclub.com\/de\/#\/schema\/person\/image\/\"},\"sameAs\":[\"https:\/\/www.flohclub.com\/de\"]}]}<\/script>\n<!-- \/ Yoast SEO plugin. -->","yoast_head_json":{"title":"\u221a Was tun Bettwanzen stiche Sehen aus wie? Wie man die Symptome erkennt","description":"Hier finden Sie Bilder von bettwanzen stiche, die Ihnen helfen, es herauszufinden, sowie Tipps von Entomologen, wie Sie die Symptome erkennen k\u00f6nnen.","robots":{"index":"index","follow":"follow","max-snippet":"max-snippet:-1","max-image-preview":"max-image-preview:large","max-video-preview":"max-video-preview:-1"},"canonical":"https:\/\/www.flohclub.com\/de\/bettwanzen\/stiche\/","og_locale":"de_DE","og_type":"article","og_title":"\u221a Was tun Bettwanzen stiche Sehen aus wie? Wie man die Symptome erkennt","og_description":"Hier finden Sie Bilder von bettwanzen stiche, die Ihnen helfen, es herauszufinden, sowie Tipps von Entomologen, wie Sie die Symptome erkennen k\u00f6nnen.","og_url":"https:\/\/www.flohclub.com\/de\/bettwanzen\/stiche\/","og_site_name":"FLOHCLUB","article_modified_time":"2020-07-12T13:05:49+00:00","og_image":[{"width":800,"height":503,"url":"https:\/\/www.flohclub.com\/de\/wp-content\/uploads\/2020\/07\/Bettwanzen-stiche-bilder.jpg","type":"image\/jpeg"}],"twitter_card":"summary_large_image","twitter_misc":{"Est. reading time":"6 minutes"},"schema":{"@context":"https:\/\/schema.org","@graph":[{"@type":"WebPage","@id":"https:\/\/www.flohclub.com\/de\/bettwanzen\/stiche\/","url":"https:\/\/www.flohclub.com\/de\/bettwanzen\/stiche\/","name":"\u221a Was tun Bettwanzen stiche Sehen aus wie? Wie man die Symptome erkennt","isPartOf":{"@id":"https:\/\/www.flohclub.com\/de\/#website"},"primaryImageOfPage":{"@id":"https:\/\/www.flohclub.com\/de\/bettwanzen\/stiche\/#primaryimage"},"image":{"@id":"https:\/\/www.flohclub.com\/de\/bettwanzen\/stiche\/#primaryimage"},"thumbnailUrl":"https:\/\/www.flohclub.com\/de\/wp-content\/uploads\/2020\/07\/Bettwanzen-stiche-bilder.jpg","datePublished":"2020-07-12T13:05:37+00:00","dateModified":"2020-07-12T13:05:49+00:00","description":"Hier finden Sie Bilder von bettwanzen stiche, die Ihnen helfen, es herauszufinden, sowie Tipps von Entomologen, wie Sie die Symptome erkennen k\u00f6nnen.","breadcrumb":{"@id":"https:\/\/www.flohclub.com\/de\/bettwanzen\/stiche\/#breadcrumb"},"inLanguage":"en-US","potentialAction":[{"@type":"ReadAction","target":["https:\/\/www.flohclub.com\/de\/bettwanzen\/stiche\/"]}]},{"@type":"ImageObject","inLanguage":"en-US","@id":"https:\/\/www.flohclub.com\/de\/bettwanzen\/stiche\/#primaryimage","url":"https:\/\/www.flohclub.com\/de\/wp-content\/uploads\/2020\/07\/Bettwanzen-stiche-bilder.jpg","contentUrl":"https:\/\/www.flohclub.com\/de\/wp-content\/uploads\/2020\/07\/Bettwanzen-stiche-bilder.jpg","width":800,"height":503,"caption":"Bettwanzen stiche"},{"@type":"BreadcrumbList","@id":"https:\/\/www.flohclub.com\/de\/bettwanzen\/stiche\/#breadcrumb","itemListElement":[{"@type":"ListItem","position":1,"name":"Home","item":"https:\/\/www.flohclub.com\/de\/"},{"@type":"ListItem","position":2,"name":"Was sind Bettwanzen und wie Ernsthaft [ Vollst\u00e4ndige \u00dcberpr\u00fcfung ]","item":"https:\/\/www.flohclub.com\/de\/bettwanzen\/"},{"@type":"ListItem","position":3,"name":"Was tun Bettwanzen stiche Sehen aus wie? Wie man die Symptome erkennt"}]},{"@type":"WebSite","@id":"https:\/\/www.flohclub.com\/de\/#website","url":"https:\/\/www.flohclub.com\/de\/","name":"FLOHCLUB","description":"Schimmel, Bettwanzen und Flohbisse","publisher":{"@id":"https:\/\/www.flohclub.com\/de\/#\/schema\/person\/a9c2eab20b85184431443816023103fa"},"potentialAction":[{"@type":"SearchAction","target":{"@type":"EntryPoint","urlTemplate":"https:\/\/www.flohclub.com\/de\/?s={search_term_string}"},"query-input":{"@type":"PropertyValueSpecification","valueRequired":true,"valueName":"search_term_string"}}],"inLanguage":"en-US"},{"@type":["Person","Organization"],"@id":"https:\/\/www.flohclub.com\/de\/#\/schema\/person\/a9c2eab20b85184431443816023103fa","name":"Albertina","image":{"@type":"ImageObject","inLanguage":"en-US","@id":"https:\/\/www.flohclub.com\/de\/#\/schema\/person\/image\/","url":"https:\/\/secure.gravatar.com\/avatar\/d7d53c770801b7f8d9d4d510a49a7a7e711635323eb85b16e165a1ef032900e0?s=96&d=mm&r=g","contentUrl":"https:\/\/secure.gravatar.com\/avatar\/d7d53c770801b7f8d9d4d510a49a7a7e711635323eb85b16e165a1ef032900e0?s=96&d=mm&r=g","caption":"Albertina"},"logo":{"@id":"https:\/\/www.flohclub.com\/de\/#\/schema\/person\/image\/"},"sameAs":["https:\/\/www.flohclub.com\/de"]}]}},"_links":{"self":[{"href":"https:\/\/www.flohclub.com\/de\/wp-json\/wp\/v2\/pages\/3633","targetHints":{"allow":["GET"]}}],"collection":[{"href":"https:\/\/www.flohclub.com\/de\/wp-json\/wp\/v2\/pages"}],"about":[{"href":"https:\/\/www.flohclub.com\/de\/wp-json\/wp\/v2\/types\/page"}],"author":[{"embeddable":true,"href":"https:\/\/www.flohclub.com\/de\/wp-json\/wp\/v2\/users\/1"}],"replies":[{"embeddable":true,"href":"https:\/\/www.flohclub.com\/de\/wp-json\/wp\/v2\/comments?post=3633"}],"version-history":[{"count":1,"href":"https:\/\/www.flohclub.com\/de\/wp-json\/wp\/v2\/pages\/3633\/revisions"}],"predecessor-version":[{"id":3640,"href":"https:\/\/www.flohclub.com\/de\/wp-json\/wp\/v2\/pages\/3633\/revisions\/3640"}],"up":[{"embeddable":true,"href":"https:\/\/www.flohclub.com\/de\/wp-json\/wp\/v2\/pages\/3565"}],"wp:featuredmedia":[{"embeddable":true,"href":"https:\/\/www.flohclub.com\/de\/wp-json\/wp\/v2\/media\/3634"}],"wp:attachment":[{"href":"https:\/\/www.flohclub.com\/de\/wp-json\/wp\/v2\/media?parent=3633"}],"wp:term":[{"taxonomy":"category","embeddable":true,"href":"https:\/\/www.flohclub.com\/de\/wp-json\/wp\/v2\/categories?post=3633"},{"taxonomy":"post_tag","embeddable":true,"href":"https:\/\/www.flohclub.com\/de\/wp-json\/wp\/v2\/tags?post=3633"}],"curies":[{"name":"wp","href":"https:\/\/api.w.org\/{rel}","templated":true}]}}